{"id":2785,"date":"2023-12-06T12:16:22","date_gmt":"2023-12-06T11:16:22","guid":{"rendered":"https:\/\/characapilar.com\/clinica-capillar-a-barcelona\/"},"modified":"2025-09-10T17:11:18","modified_gmt":"2025-09-10T15:11:18","slug":"clinica-capillar-a-barcelona","status":"publish","type":"page","link":"https:\/\/characapilar.com\/ca\/clinica-capillar-a-barcelona\/","title":{"rendered":"Cl\u00ednica Capil\u00b7lar a Barcelona"},"content":{"rendered":"","protected":false},"excerpt":{"rendered":"","protected":false},"author":1,"featured_media":0,"parent":0,"menu_order":0,"comment_status":"closed","ping_status":"closed","template":"template-modular.php","meta":{"footnotes":""},"class_list":["post-2785","page","type-page","status-publish","hentry"],"yoast_head":"<!-- This site is optimized with the Yoast SEO plugin v25.8 - https:\/\/yoast.com\/wordpress\/plugins\/seo\/ -->\n<title>Cl\u00ednica Capil\u00b7lar a Barcelona - Dr. Joel Chara<\/title>\n<meta name=\"description\" content=\"Tractament personalitzat despr\u00e9s de fer una avaluaci\u00f3 gratu\u00efta, es detalla al pacient el pressupost per al seu tractament\" \/>\n<meta name=\"robots\" content=\"noindex, follow\" \/>\n<meta property=\"og:locale\" content=\"ca_ES\" \/>\n<meta property=\"og:type\" content=\"article\" \/>\n<meta property=\"og:title\" content=\"Cl\u00ednica Capil\u00b7lar a Barcelona - Dr. Joel Chara\" \/>\n<meta property=\"og:description\" content=\"Tractament personalitzat despr\u00e9s de fer una avaluaci\u00f3 gratu\u00efta, es detalla al pacient el pressupost per al seu tractament\" \/>\n<meta property=\"og:url\" content=\"https:\/\/characapilar.com\/ca\/clinica-capillar-a-barcelona\/\" \/>\n<meta property=\"og:site_name\" content=\"Dr. Joel Chara\" \/>\n<meta property=\"article:modified_time\" content=\"2025-09-10T15:11:18+00:00\" \/>\n<meta name=\"twitter:card\" content=\"summary_large_image\" \/>\n<script type=\"application\/ld+json\" class=\"yoast-schema-graph\">{\"@context\":\"https:\/\/schema.org\",\"@graph\":[{\"@type\":\"WebPage\",\"@id\":\"https:\/\/characapilar.com\/ca\/clinica-capillar-a-barcelona\/\",\"url\":\"https:\/\/characapilar.com\/ca\/clinica-capillar-a-barcelona\/\",\"name\":\"Cl\u00ednica Capil\u00b7lar a Barcelona - Dr. Joel Chara\",\"isPartOf\":{\"@id\":\"https:\/\/characapilar.com\/ca\/#website\"},\"datePublished\":\"2023-12-06T11:16:22+00:00\",\"dateModified\":\"2025-09-10T15:11:18+00:00\",\"description\":\"Tractament personalitzat despr\u00e9s de fer una avaluaci\u00f3 gratu\u00efta, es detalla al pacient el pressupost per al seu tractament\",\"breadcrumb\":{\"@id\":\"https:\/\/characapilar.com\/ca\/clinica-capillar-a-barcelona\/#breadcrumb\"},\"inLanguage\":\"ca\",\"potentialAction\":[{\"@type\":\"ReadAction\",\"target\":[\"https:\/\/characapilar.com\/ca\/clinica-capillar-a-barcelona\/\"]}]},{\"@type\":\"BreadcrumbList\",\"@id\":\"https:\/\/characapilar.com\/ca\/clinica-capillar-a-barcelona\/#breadcrumb\",\"itemListElement\":[{\"@type\":\"ListItem\",\"position\":1,\"name\":\"Home\",\"item\":\"https:\/\/characapilar.com\/ca\/\"},{\"@type\":\"ListItem\",\"position\":2,\"name\":\"Cl\u00ednica Capil\u00b7lar a Barcelona\"}]},{\"@type\":\"WebSite\",\"@id\":\"https:\/\/characapilar.com\/ca\/#website\",\"url\":\"https:\/\/characapilar.com\/ca\/\",\"name\":\"Dr. Joel Chara\",\"description\":\"Injerto capilar en Barcelona\",\"potentialAction\":[{\"@type\":\"SearchAction\",\"target\":{\"@type\":\"EntryPoint\",\"urlTemplate\":\"https:\/\/characapilar.com\/ca\/?s={search_term_string}\"},\"query-input\":{\"@type\":\"PropertyValueSpecification\",\"valueRequired\":true,\"valueName\":\"search_term_string\"}}],\"inLanguage\":\"ca\"}]}<\/script>\n<!-- \/ Yoast SEO plugin. -->","yoast_head_json":{"title":"Cl\u00ednica Capil\u00b7lar a Barcelona - Dr. Joel Chara","description":"Tractament personalitzat despr\u00e9s de fer una avaluaci\u00f3 gratu\u00efta, es detalla al pacient el pressupost per al seu tractament","robots":{"index":"noindex","follow":"follow"},"og_locale":"ca_ES","og_type":"article","og_title":"Cl\u00ednica Capil\u00b7lar a Barcelona - Dr. Joel Chara","og_description":"Tractament personalitzat despr\u00e9s de fer una avaluaci\u00f3 gratu\u00efta, es detalla al pacient el pressupost per al seu tractament","og_url":"https:\/\/characapilar.com\/ca\/clinica-capillar-a-barcelona\/","og_site_name":"Dr. Joel Chara","article_modified_time":"2025-09-10T15:11:18+00:00","twitter_card":"summary_large_image","schema":{"@context":"https:\/\/schema.org","@graph":[{"@type":"WebPage","@id":"https:\/\/characapilar.com\/ca\/clinica-capillar-a-barcelona\/","url":"https:\/\/characapilar.com\/ca\/clinica-capillar-a-barcelona\/","name":"Cl\u00ednica Capil\u00b7lar a Barcelona - Dr. Joel Chara","isPartOf":{"@id":"https:\/\/characapilar.com\/ca\/#website"},"datePublished":"2023-12-06T11:16:22+00:00","dateModified":"2025-09-10T15:11:18+00:00","description":"Tractament personalitzat despr\u00e9s de fer una avaluaci\u00f3 gratu\u00efta, es detalla al pacient el pressupost per al seu tractament","breadcrumb":{"@id":"https:\/\/characapilar.com\/ca\/clinica-capillar-a-barcelona\/#breadcrumb"},"inLanguage":"ca","potentialAction":[{"@type":"ReadAction","target":["https:\/\/characapilar.com\/ca\/clinica-capillar-a-barcelona\/"]}]},{"@type":"BreadcrumbList","@id":"https:\/\/characapilar.com\/ca\/clinica-capillar-a-barcelona\/#breadcrumb","itemListElement":[{"@type":"ListItem","position":1,"name":"Home","item":"https:\/\/characapilar.com\/ca\/"},{"@type":"ListItem","position":2,"name":"Cl\u00ednica Capil\u00b7lar a Barcelona"}]},{"@type":"WebSite","@id":"https:\/\/characapilar.com\/ca\/#website","url":"https:\/\/characapilar.com\/ca\/","name":"Dr. Joel Chara","description":"Injerto capilar en Barcelona","potentialAction":[{"@type":"SearchAction","target":{"@type":"EntryPoint","urlTemplate":"https:\/\/characapilar.com\/ca\/?s={search_term_string}"},"query-input":{"@type":"PropertyValueSpecification","valueRequired":true,"valueName":"search_term_string"}}],"inLanguage":"ca"}]}},"_links":{"self":[{"href":"https:\/\/characapilar.com\/ca\/wp-json\/wp\/v2\/pages\/2785","targetHints":{"allow":["GET"]}}],"collection":[{"href":"https:\/\/characapilar.com\/ca\/wp-json\/wp\/v2\/pages"}],"about":[{"href":"https:\/\/characapilar.com\/ca\/wp-json\/wp\/v2\/types\/page"}],"author":[{"embeddable":true,"href":"https:\/\/characapilar.com\/ca\/wp-json\/wp\/v2\/users\/1"}],"replies":[{"embeddable":true,"href":"https:\/\/characapilar.com\/ca\/wp-json\/wp\/v2\/comments?post=2785"}],"version-history":[{"count":2,"href":"https:\/\/characapilar.com\/ca\/wp-json\/wp\/v2\/pages\/2785\/revisions"}],"predecessor-version":[{"id":2906,"href":"https:\/\/characapilar.com\/ca\/wp-json\/wp\/v2\/pages\/2785\/revisions\/2906"}],"wp:attachment":[{"href":"https:\/\/characapilar.com\/ca\/wp-json\/wp\/v2\/media?parent=2785"}],"curies":[{"name":"wp","href":"https:\/\/api.w.org\/{rel}","templated":true}]}}