{"id":2775,"date":"2023-11-05T13:04:58","date_gmt":"2023-11-05T12:04:58","guid":{"rendered":"https:\/\/characapilar.com\/reparacio-de-cicatrius\/"},"modified":"2025-09-20T00:22:37","modified_gmt":"2025-09-19T22:22:37","slug":"reparacio-de-cicatrius","status":"publish","type":"page","link":"https:\/\/characapilar.com\/ca\/serveis\/reparacio-de-cicatrius\/","title":{"rendered":"Reparaci\u00f3 de cicatrius"},"content":{"rendered":"","protected":false},"excerpt":{"rendered":"","protected":false},"author":1,"featured_media":0,"parent":2790,"menu_order":0,"comment_status":"closed","ping_status":"closed","template":"template-modular.php","meta":{"footnotes":""},"class_list":["post-2775","page","type-page","status-publish","hentry"],"yoast_head":"<!-- This site is optimized with the Yoast SEO plugin v25.8 - https:\/\/yoast.com\/wordpress\/plugins\/seo\/ -->\n<title>Reparaci\u00f3 de cicatrius - Dr. Joel Chara<\/title>\n<meta name=\"description\" content=\"\u00c9s possible implantar fol\u00b7licles pilosos en teixit cicatricial, per\u00f2 \u00e9s m\u00e9s dif\u00edcil a causa d&#039;un nivell redu\u00eft de subministrament de sang...\" \/>\n<meta name=\"robots\" content=\"index, follow, max-snippet:-1, max-image-preview:large, max-video-preview:-1\" \/>\n<link rel=\"canonical\" href=\"https:\/\/characapilar.com\/ca\/serveis\/reparacio-de-cicatrius\/\" \/>\n<meta property=\"og:locale\" content=\"ca_ES\" \/>\n<meta property=\"og:type\" content=\"article\" \/>\n<meta property=\"og:title\" content=\"Reparaci\u00f3 de cicatrius - Dr. Joel Chara\" \/>\n<meta property=\"og:description\" content=\"\u00c9s possible implantar fol\u00b7licles pilosos en teixit cicatricial, per\u00f2 \u00e9s m\u00e9s dif\u00edcil a causa d&#039;un nivell redu\u00eft de subministrament de sang...\" \/>\n<meta property=\"og:url\" content=\"https:\/\/characapilar.com\/ca\/serveis\/reparacio-de-cicatrius\/\" \/>\n<meta property=\"og:site_name\" content=\"Dr. Joel Chara\" \/>\n<meta property=\"article:modified_time\" content=\"2025-09-19T22:22:37+00:00\" \/>\n<meta name=\"twitter:card\" content=\"summary_large_image\" \/>\n<script type=\"application\/ld+json\" class=\"yoast-schema-graph\">{\"@context\":\"https:\/\/schema.org\",\"@graph\":[{\"@type\":\"WebPage\",\"@id\":\"https:\/\/characapilar.com\/ca\/serveis\/reparacio-de-cicatrius\/\",\"url\":\"https:\/\/characapilar.com\/ca\/serveis\/reparacio-de-cicatrius\/\",\"name\":\"Reparaci\u00f3 de cicatrius - Dr. Joel Chara\",\"isPartOf\":{\"@id\":\"https:\/\/characapilar.com\/ca\/#website\"},\"datePublished\":\"2023-11-05T12:04:58+00:00\",\"dateModified\":\"2025-09-19T22:22:37+00:00\",\"description\":\"\u00c9s possible implantar fol\u00b7licles pilosos en teixit cicatricial, per\u00f2 \u00e9s m\u00e9s dif\u00edcil a causa d'un nivell redu\u00eft de subministrament de sang...\",\"breadcrumb\":{\"@id\":\"https:\/\/characapilar.com\/ca\/serveis\/reparacio-de-cicatrius\/#breadcrumb\"},\"inLanguage\":\"ca\",\"potentialAction\":[{\"@type\":\"ReadAction\",\"target\":[\"https:\/\/characapilar.com\/ca\/serveis\/reparacio-de-cicatrius\/\"]}]},{\"@type\":\"BreadcrumbList\",\"@id\":\"https:\/\/characapilar.com\/ca\/serveis\/reparacio-de-cicatrius\/#breadcrumb\",\"itemListElement\":[{\"@type\":\"ListItem\",\"position\":1,\"name\":\"Home\",\"item\":\"https:\/\/characapilar.com\/ca\/\"},{\"@type\":\"ListItem\",\"position\":2,\"name\":\"Serveis\",\"item\":\"https:\/\/characapilar.com\/ca\/serveis\/\"},{\"@type\":\"ListItem\",\"position\":3,\"name\":\"Reparaci\u00f3 de cicatrius\"}]},{\"@type\":\"WebSite\",\"@id\":\"https:\/\/characapilar.com\/ca\/#website\",\"url\":\"https:\/\/characapilar.com\/ca\/\",\"name\":\"Dr. Joel Chara\",\"description\":\"Injerto capilar en Barcelona\",\"potentialAction\":[{\"@type\":\"SearchAction\",\"target\":{\"@type\":\"EntryPoint\",\"urlTemplate\":\"https:\/\/characapilar.com\/ca\/?s={search_term_string}\"},\"query-input\":{\"@type\":\"PropertyValueSpecification\",\"valueRequired\":true,\"valueName\":\"search_term_string\"}}],\"inLanguage\":\"ca\"}]}<\/script>\n<!-- \/ Yoast SEO plugin. -->","yoast_head_json":{"title":"Reparaci\u00f3 de cicatrius - Dr. Joel Chara","description":"\u00c9s possible implantar fol\u00b7licles pilosos en teixit cicatricial, per\u00f2 \u00e9s m\u00e9s dif\u00edcil a causa d'un nivell redu\u00eft de subministrament de sang...","robots":{"index":"index","follow":"follow","max-snippet":"max-snippet:-1","max-image-preview":"max-image-preview:large","max-video-preview":"max-video-preview:-1"},"canonical":"https:\/\/characapilar.com\/ca\/serveis\/reparacio-de-cicatrius\/","og_locale":"ca_ES","og_type":"article","og_title":"Reparaci\u00f3 de cicatrius - Dr. Joel Chara","og_description":"\u00c9s possible implantar fol\u00b7licles pilosos en teixit cicatricial, per\u00f2 \u00e9s m\u00e9s dif\u00edcil a causa d'un nivell redu\u00eft de subministrament de sang...","og_url":"https:\/\/characapilar.com\/ca\/serveis\/reparacio-de-cicatrius\/","og_site_name":"Dr. Joel Chara","article_modified_time":"2025-09-19T22:22:37+00:00","twitter_card":"summary_large_image","schema":{"@context":"https:\/\/schema.org","@graph":[{"@type":"WebPage","@id":"https:\/\/characapilar.com\/ca\/serveis\/reparacio-de-cicatrius\/","url":"https:\/\/characapilar.com\/ca\/serveis\/reparacio-de-cicatrius\/","name":"Reparaci\u00f3 de cicatrius - Dr. Joel Chara","isPartOf":{"@id":"https:\/\/characapilar.com\/ca\/#website"},"datePublished":"2023-11-05T12:04:58+00:00","dateModified":"2025-09-19T22:22:37+00:00","description":"\u00c9s possible implantar fol\u00b7licles pilosos en teixit cicatricial, per\u00f2 \u00e9s m\u00e9s dif\u00edcil a causa d'un nivell redu\u00eft de subministrament de sang...","breadcrumb":{"@id":"https:\/\/characapilar.com\/ca\/serveis\/reparacio-de-cicatrius\/#breadcrumb"},"inLanguage":"ca","potentialAction":[{"@type":"ReadAction","target":["https:\/\/characapilar.com\/ca\/serveis\/reparacio-de-cicatrius\/"]}]},{"@type":"BreadcrumbList","@id":"https:\/\/characapilar.com\/ca\/serveis\/reparacio-de-cicatrius\/#breadcrumb","itemListElement":[{"@type":"ListItem","position":1,"name":"Home","item":"https:\/\/characapilar.com\/ca\/"},{"@type":"ListItem","position":2,"name":"Serveis","item":"https:\/\/characapilar.com\/ca\/serveis\/"},{"@type":"ListItem","position":3,"name":"Reparaci\u00f3 de cicatrius"}]},{"@type":"WebSite","@id":"https:\/\/characapilar.com\/ca\/#website","url":"https:\/\/characapilar.com\/ca\/","name":"Dr. Joel Chara","description":"Injerto capilar en Barcelona","potentialAction":[{"@type":"SearchAction","target":{"@type":"EntryPoint","urlTemplate":"https:\/\/characapilar.com\/ca\/?s={search_term_string}"},"query-input":{"@type":"PropertyValueSpecification","valueRequired":true,"valueName":"search_term_string"}}],"inLanguage":"ca"}]}},"_links":{"self":[{"href":"https:\/\/characapilar.com\/ca\/wp-json\/wp\/v2\/pages\/2775","targetHints":{"allow":["GET"]}}],"collection":[{"href":"https:\/\/characapilar.com\/ca\/wp-json\/wp\/v2\/pages"}],"about":[{"href":"https:\/\/characapilar.com\/ca\/wp-json\/wp\/v2\/types\/page"}],"author":[{"embeddable":true,"href":"https:\/\/characapilar.com\/ca\/wp-json\/wp\/v2\/users\/1"}],"replies":[{"embeddable":true,"href":"https:\/\/characapilar.com\/ca\/wp-json\/wp\/v2\/comments?post=2775"}],"version-history":[{"count":1,"href":"https:\/\/characapilar.com\/ca\/wp-json\/wp\/v2\/pages\/2775\/revisions"}],"predecessor-version":[{"id":2797,"href":"https:\/\/characapilar.com\/ca\/wp-json\/wp\/v2\/pages\/2775\/revisions\/2797"}],"up":[{"embeddable":true,"href":"https:\/\/characapilar.com\/ca\/wp-json\/wp\/v2\/pages\/2790"}],"wp:attachment":[{"href":"https:\/\/characapilar.com\/ca\/wp-json\/wp\/v2\/media?parent=2775"}],"curies":[{"name":"wp","href":"https:\/\/api.w.org\/{rel}","templated":true}]}}