{"id":2766,"date":"2023-11-06T19:10:40","date_gmt":"2023-11-06T18:10:40","guid":{"rendered":"https:\/\/characapilar.com\/reparacio-de-cirurgies-previes\/"},"modified":"2025-09-20T00:23:17","modified_gmt":"2025-09-19T22:23:17","slug":"reparacio-de-cirurgies-previes","status":"publish","type":"page","link":"https:\/\/characapilar.com\/ca\/serveis\/reparacio-de-cirurgies-previes\/","title":{"rendered":"Reparaci\u00f3 de cirurgies pr\u00e8vies"},"content":{"rendered":"","protected":false},"excerpt":{"rendered":"","protected":false},"author":1,"featured_media":0,"parent":2790,"menu_order":0,"comment_status":"closed","ping_status":"closed","template":"template-modular.php","meta":{"footnotes":""},"class_list":["post-2766","page","type-page","status-publish","hentry"],"yoast_head":"<!-- This site is optimized with the Yoast SEO plugin v25.8 - https:\/\/yoast.com\/wordpress\/plugins\/seo\/ -->\n<title>Reparaci\u00f3 de cirurgies pr\u00e8vies - Dr. Joel Chara<\/title>\n<meta name=\"description\" content=\"Es tracta d&#039;un procediment de reparaci\u00f3 per corregir cirurgies de trasplantament de cabell que aconsegueixen resultats insatisfactoris.\" \/>\n<meta name=\"robots\" content=\"index, follow, max-snippet:-1, max-image-preview:large, max-video-preview:-1\" \/>\n<link rel=\"canonical\" href=\"https:\/\/characapilar.com\/ca\/serveis\/reparacio-de-cirurgies-previes\/\" \/>\n<meta property=\"og:locale\" content=\"ca_ES\" \/>\n<meta property=\"og:type\" content=\"article\" \/>\n<meta property=\"og:title\" content=\"Reparaci\u00f3 de cirurgies pr\u00e8vies - Dr. Joel Chara\" \/>\n<meta property=\"og:description\" content=\"Es tracta d&#039;un procediment de reparaci\u00f3 per corregir cirurgies de trasplantament de cabell que aconsegueixen resultats insatisfactoris.\" \/>\n<meta property=\"og:url\" content=\"https:\/\/characapilar.com\/ca\/serveis\/reparacio-de-cirurgies-previes\/\" \/>\n<meta property=\"og:site_name\" content=\"Dr. Joel Chara\" \/>\n<meta property=\"article:modified_time\" content=\"2025-09-19T22:23:17+00:00\" \/>\n<meta name=\"twitter:card\" content=\"summary_large_image\" \/>\n<script type=\"application\/ld+json\" class=\"yoast-schema-graph\">{\"@context\":\"https:\/\/schema.org\",\"@graph\":[{\"@type\":\"WebPage\",\"@id\":\"https:\/\/characapilar.com\/ca\/serveis\/reparacio-de-cirurgies-previes\/\",\"url\":\"https:\/\/characapilar.com\/ca\/serveis\/reparacio-de-cirurgies-previes\/\",\"name\":\"Reparaci\u00f3 de cirurgies pr\u00e8vies - Dr. Joel Chara\",\"isPartOf\":{\"@id\":\"https:\/\/characapilar.com\/ca\/#website\"},\"datePublished\":\"2023-11-06T18:10:40+00:00\",\"dateModified\":\"2025-09-19T22:23:17+00:00\",\"description\":\"Es tracta d'un procediment de reparaci\u00f3 per corregir cirurgies de trasplantament de cabell que aconsegueixen resultats insatisfactoris.\",\"breadcrumb\":{\"@id\":\"https:\/\/characapilar.com\/ca\/serveis\/reparacio-de-cirurgies-previes\/#breadcrumb\"},\"inLanguage\":\"ca\",\"potentialAction\":[{\"@type\":\"ReadAction\",\"target\":[\"https:\/\/characapilar.com\/ca\/serveis\/reparacio-de-cirurgies-previes\/\"]}]},{\"@type\":\"BreadcrumbList\",\"@id\":\"https:\/\/characapilar.com\/ca\/serveis\/reparacio-de-cirurgies-previes\/#breadcrumb\",\"itemListElement\":[{\"@type\":\"ListItem\",\"position\":1,\"name\":\"Home\",\"item\":\"https:\/\/characapilar.com\/ca\/\"},{\"@type\":\"ListItem\",\"position\":2,\"name\":\"Serveis\",\"item\":\"https:\/\/characapilar.com\/ca\/serveis\/\"},{\"@type\":\"ListItem\",\"position\":3,\"name\":\"Reparaci\u00f3 de cirurgies pr\u00e8vies\"}]},{\"@type\":\"WebSite\",\"@id\":\"https:\/\/characapilar.com\/ca\/#website\",\"url\":\"https:\/\/characapilar.com\/ca\/\",\"name\":\"Dr. Joel Chara\",\"description\":\"Injerto capilar en Barcelona\",\"potentialAction\":[{\"@type\":\"SearchAction\",\"target\":{\"@type\":\"EntryPoint\",\"urlTemplate\":\"https:\/\/characapilar.com\/ca\/?s={search_term_string}\"},\"query-input\":{\"@type\":\"PropertyValueSpecification\",\"valueRequired\":true,\"valueName\":\"search_term_string\"}}],\"inLanguage\":\"ca\"}]}<\/script>\n<!-- \/ Yoast SEO plugin. -->","yoast_head_json":{"title":"Reparaci\u00f3 de cirurgies pr\u00e8vies - Dr. Joel Chara","description":"Es tracta d'un procediment de reparaci\u00f3 per corregir cirurgies de trasplantament de cabell que aconsegueixen resultats insatisfactoris.","robots":{"index":"index","follow":"follow","max-snippet":"max-snippet:-1","max-image-preview":"max-image-preview:large","max-video-preview":"max-video-preview:-1"},"canonical":"https:\/\/characapilar.com\/ca\/serveis\/reparacio-de-cirurgies-previes\/","og_locale":"ca_ES","og_type":"article","og_title":"Reparaci\u00f3 de cirurgies pr\u00e8vies - Dr. Joel Chara","og_description":"Es tracta d'un procediment de reparaci\u00f3 per corregir cirurgies de trasplantament de cabell que aconsegueixen resultats insatisfactoris.","og_url":"https:\/\/characapilar.com\/ca\/serveis\/reparacio-de-cirurgies-previes\/","og_site_name":"Dr. Joel Chara","article_modified_time":"2025-09-19T22:23:17+00:00","twitter_card":"summary_large_image","schema":{"@context":"https:\/\/schema.org","@graph":[{"@type":"WebPage","@id":"https:\/\/characapilar.com\/ca\/serveis\/reparacio-de-cirurgies-previes\/","url":"https:\/\/characapilar.com\/ca\/serveis\/reparacio-de-cirurgies-previes\/","name":"Reparaci\u00f3 de cirurgies pr\u00e8vies - Dr. Joel Chara","isPartOf":{"@id":"https:\/\/characapilar.com\/ca\/#website"},"datePublished":"2023-11-06T18:10:40+00:00","dateModified":"2025-09-19T22:23:17+00:00","description":"Es tracta d'un procediment de reparaci\u00f3 per corregir cirurgies de trasplantament de cabell que aconsegueixen resultats insatisfactoris.","breadcrumb":{"@id":"https:\/\/characapilar.com\/ca\/serveis\/reparacio-de-cirurgies-previes\/#breadcrumb"},"inLanguage":"ca","potentialAction":[{"@type":"ReadAction","target":["https:\/\/characapilar.com\/ca\/serveis\/reparacio-de-cirurgies-previes\/"]}]},{"@type":"BreadcrumbList","@id":"https:\/\/characapilar.com\/ca\/serveis\/reparacio-de-cirurgies-previes\/#breadcrumb","itemListElement":[{"@type":"ListItem","position":1,"name":"Home","item":"https:\/\/characapilar.com\/ca\/"},{"@type":"ListItem","position":2,"name":"Serveis","item":"https:\/\/characapilar.com\/ca\/serveis\/"},{"@type":"ListItem","position":3,"name":"Reparaci\u00f3 de cirurgies pr\u00e8vies"}]},{"@type":"WebSite","@id":"https:\/\/characapilar.com\/ca\/#website","url":"https:\/\/characapilar.com\/ca\/","name":"Dr. Joel Chara","description":"Injerto capilar en Barcelona","potentialAction":[{"@type":"SearchAction","target":{"@type":"EntryPoint","urlTemplate":"https:\/\/characapilar.com\/ca\/?s={search_term_string}"},"query-input":{"@type":"PropertyValueSpecification","valueRequired":true,"valueName":"search_term_string"}}],"inLanguage":"ca"}]}},"_links":{"self":[{"href":"https:\/\/characapilar.com\/ca\/wp-json\/wp\/v2\/pages\/2766","targetHints":{"allow":["GET"]}}],"collection":[{"href":"https:\/\/characapilar.com\/ca\/wp-json\/wp\/v2\/pages"}],"about":[{"href":"https:\/\/characapilar.com\/ca\/wp-json\/wp\/v2\/types\/page"}],"author":[{"embeddable":true,"href":"https:\/\/characapilar.com\/ca\/wp-json\/wp\/v2\/users\/1"}],"replies":[{"embeddable":true,"href":"https:\/\/characapilar.com\/ca\/wp-json\/wp\/v2\/comments?post=2766"}],"version-history":[{"count":1,"href":"https:\/\/characapilar.com\/ca\/wp-json\/wp\/v2\/pages\/2766\/revisions"}],"predecessor-version":[{"id":2800,"href":"https:\/\/characapilar.com\/ca\/wp-json\/wp\/v2\/pages\/2766\/revisions\/2800"}],"up":[{"embeddable":true,"href":"https:\/\/characapilar.com\/ca\/wp-json\/wp\/v2\/pages\/2790"}],"wp:attachment":[{"href":"https:\/\/characapilar.com\/ca\/wp-json\/wp\/v2\/media?parent=2766"}],"curies":[{"name":"wp","href":"https:\/\/api.w.org\/{rel}","templated":true}]}}