{"id":2751,"date":"2023-11-05T10:43:33","date_gmt":"2023-11-05T09:43:33","guid":{"rendered":"https:\/\/characapilar.com\/diagnostic-tricologic\/"},"modified":"2025-09-20T00:07:14","modified_gmt":"2025-09-19T22:07:14","slug":"diagnostic-tricologic","status":"publish","type":"page","link":"https:\/\/characapilar.com\/ca\/serveis\/diagnostic-tricologic\/","title":{"rendered":"Diagn\u00f2stic tricol\u00f2gic"},"content":{"rendered":"","protected":false},"excerpt":{"rendered":"","protected":false},"author":1,"featured_media":0,"parent":2790,"menu_order":0,"comment_status":"closed","ping_status":"closed","template":"template-modular.php","meta":{"footnotes":""},"class_list":["post-2751","page","type-page","status-publish","hentry"],"yoast_head":"<!-- This site is optimized with the Yoast SEO plugin v25.8 - https:\/\/yoast.com\/wordpress\/plugins\/seo\/ -->\n<title>Diagn\u00f2stic tricol\u00f2gic - Dr. Joel Chara<\/title>\n<meta name=\"description\" content=\"Proves de tricologia de rutina per establir la causa de la caiguda del cabell. Aix\u00f2 ens ajudar-los a avaluar el tractament correcte.\" \/>\n<meta name=\"robots\" content=\"index, follow, max-snippet:-1, max-image-preview:large, max-video-preview:-1\" \/>\n<link rel=\"canonical\" href=\"https:\/\/characapilar.com\/ca\/serveis\/diagnostic-tricologic\/\" \/>\n<meta property=\"og:locale\" content=\"ca_ES\" \/>\n<meta property=\"og:type\" content=\"article\" \/>\n<meta property=\"og:title\" content=\"Diagn\u00f2stic tricol\u00f2gic - Dr. Joel Chara\" \/>\n<meta property=\"og:description\" content=\"Proves de tricologia de rutina per establir la causa de la caiguda del cabell. Aix\u00f2 ens ajudar-los a avaluar el tractament correcte.\" \/>\n<meta property=\"og:url\" content=\"https:\/\/characapilar.com\/ca\/serveis\/diagnostic-tricologic\/\" \/>\n<meta property=\"og:site_name\" content=\"Dr. Joel Chara\" \/>\n<meta property=\"article:modified_time\" content=\"2025-09-19T22:07:14+00:00\" \/>\n<meta name=\"twitter:card\" content=\"summary_large_image\" \/>\n<script type=\"application\/ld+json\" class=\"yoast-schema-graph\">{\"@context\":\"https:\/\/schema.org\",\"@graph\":[{\"@type\":\"WebPage\",\"@id\":\"https:\/\/characapilar.com\/ca\/serveis\/diagnostic-tricologic\/\",\"url\":\"https:\/\/characapilar.com\/ca\/serveis\/diagnostic-tricologic\/\",\"name\":\"Diagn\u00f2stic tricol\u00f2gic - Dr. Joel Chara\",\"isPartOf\":{\"@id\":\"https:\/\/characapilar.com\/ca\/#website\"},\"datePublished\":\"2023-11-05T09:43:33+00:00\",\"dateModified\":\"2025-09-19T22:07:14+00:00\",\"description\":\"Proves de tricologia de rutina per establir la causa de la caiguda del cabell. Aix\u00f2 ens ajudar-los a avaluar el tractament correcte.\",\"breadcrumb\":{\"@id\":\"https:\/\/characapilar.com\/ca\/serveis\/diagnostic-tricologic\/#breadcrumb\"},\"inLanguage\":\"ca\",\"potentialAction\":[{\"@type\":\"ReadAction\",\"target\":[\"https:\/\/characapilar.com\/ca\/serveis\/diagnostic-tricologic\/\"]}]},{\"@type\":\"BreadcrumbList\",\"@id\":\"https:\/\/characapilar.com\/ca\/serveis\/diagnostic-tricologic\/#breadcrumb\",\"itemListElement\":[{\"@type\":\"ListItem\",\"position\":1,\"name\":\"Home\",\"item\":\"https:\/\/characapilar.com\/ca\/\"},{\"@type\":\"ListItem\",\"position\":2,\"name\":\"Serveis\",\"item\":\"https:\/\/characapilar.com\/ca\/serveis\/\"},{\"@type\":\"ListItem\",\"position\":3,\"name\":\"Diagn\u00f2stic tricol\u00f2gic\"}]},{\"@type\":\"WebSite\",\"@id\":\"https:\/\/characapilar.com\/ca\/#website\",\"url\":\"https:\/\/characapilar.com\/ca\/\",\"name\":\"Dr. Joel Chara\",\"description\":\"Injerto capilar en Barcelona\",\"potentialAction\":[{\"@type\":\"SearchAction\",\"target\":{\"@type\":\"EntryPoint\",\"urlTemplate\":\"https:\/\/characapilar.com\/ca\/?s={search_term_string}\"},\"query-input\":{\"@type\":\"PropertyValueSpecification\",\"valueRequired\":true,\"valueName\":\"search_term_string\"}}],\"inLanguage\":\"ca\"}]}<\/script>\n<!-- \/ Yoast SEO plugin. -->","yoast_head_json":{"title":"Diagn\u00f2stic tricol\u00f2gic - Dr. Joel Chara","description":"Proves de tricologia de rutina per establir la causa de la caiguda del cabell. Aix\u00f2 ens ajudar-los a avaluar el tractament correcte.","robots":{"index":"index","follow":"follow","max-snippet":"max-snippet:-1","max-image-preview":"max-image-preview:large","max-video-preview":"max-video-preview:-1"},"canonical":"https:\/\/characapilar.com\/ca\/serveis\/diagnostic-tricologic\/","og_locale":"ca_ES","og_type":"article","og_title":"Diagn\u00f2stic tricol\u00f2gic - Dr. Joel Chara","og_description":"Proves de tricologia de rutina per establir la causa de la caiguda del cabell. Aix\u00f2 ens ajudar-los a avaluar el tractament correcte.","og_url":"https:\/\/characapilar.com\/ca\/serveis\/diagnostic-tricologic\/","og_site_name":"Dr. Joel Chara","article_modified_time":"2025-09-19T22:07:14+00:00","twitter_card":"summary_large_image","schema":{"@context":"https:\/\/schema.org","@graph":[{"@type":"WebPage","@id":"https:\/\/characapilar.com\/ca\/serveis\/diagnostic-tricologic\/","url":"https:\/\/characapilar.com\/ca\/serveis\/diagnostic-tricologic\/","name":"Diagn\u00f2stic tricol\u00f2gic - Dr. Joel Chara","isPartOf":{"@id":"https:\/\/characapilar.com\/ca\/#website"},"datePublished":"2023-11-05T09:43:33+00:00","dateModified":"2025-09-19T22:07:14+00:00","description":"Proves de tricologia de rutina per establir la causa de la caiguda del cabell. Aix\u00f2 ens ajudar-los a avaluar el tractament correcte.","breadcrumb":{"@id":"https:\/\/characapilar.com\/ca\/serveis\/diagnostic-tricologic\/#breadcrumb"},"inLanguage":"ca","potentialAction":[{"@type":"ReadAction","target":["https:\/\/characapilar.com\/ca\/serveis\/diagnostic-tricologic\/"]}]},{"@type":"BreadcrumbList","@id":"https:\/\/characapilar.com\/ca\/serveis\/diagnostic-tricologic\/#breadcrumb","itemListElement":[{"@type":"ListItem","position":1,"name":"Home","item":"https:\/\/characapilar.com\/ca\/"},{"@type":"ListItem","position":2,"name":"Serveis","item":"https:\/\/characapilar.com\/ca\/serveis\/"},{"@type":"ListItem","position":3,"name":"Diagn\u00f2stic tricol\u00f2gic"}]},{"@type":"WebSite","@id":"https:\/\/characapilar.com\/ca\/#website","url":"https:\/\/characapilar.com\/ca\/","name":"Dr. Joel Chara","description":"Injerto capilar en Barcelona","potentialAction":[{"@type":"SearchAction","target":{"@type":"EntryPoint","urlTemplate":"https:\/\/characapilar.com\/ca\/?s={search_term_string}"},"query-input":{"@type":"PropertyValueSpecification","valueRequired":true,"valueName":"search_term_string"}}],"inLanguage":"ca"}]}},"_links":{"self":[{"href":"https:\/\/characapilar.com\/ca\/wp-json\/wp\/v2\/pages\/2751","targetHints":{"allow":["GET"]}}],"collection":[{"href":"https:\/\/characapilar.com\/ca\/wp-json\/wp\/v2\/pages"}],"about":[{"href":"https:\/\/characapilar.com\/ca\/wp-json\/wp\/v2\/types\/page"}],"author":[{"embeddable":true,"href":"https:\/\/characapilar.com\/ca\/wp-json\/wp\/v2\/users\/1"}],"replies":[{"embeddable":true,"href":"https:\/\/characapilar.com\/ca\/wp-json\/wp\/v2\/comments?post=2751"}],"version-history":[{"count":1,"href":"https:\/\/characapilar.com\/ca\/wp-json\/wp\/v2\/pages\/2751\/revisions"}],"predecessor-version":[{"id":2792,"href":"https:\/\/characapilar.com\/ca\/wp-json\/wp\/v2\/pages\/2751\/revisions\/2792"}],"up":[{"embeddable":true,"href":"https:\/\/characapilar.com\/ca\/wp-json\/wp\/v2\/pages\/2790"}],"wp:attachment":[{"href":"https:\/\/characapilar.com\/ca\/wp-json\/wp\/v2\/media?parent=2751"}],"curies":[{"name":"wp","href":"https:\/\/api.w.org\/{rel}","templated":true}]}}